{"id":22223,"date":"2021-01-02T19:31:30","date_gmt":"2019-07-17T17:31:30","guid":{"rendered":"https:\/\/myox.fit\/curso-fundamentos-electroestimulacion-muscular\/"},"modified":"2023-01-05T14:23:44","modified_gmt":"2023-01-05T13:23:44","slug":"muscular-electrostimulation-fundamentals-course","status":"publish","type":"product","link":"https:\/\/myox.fit\/en\/muscular-electrostimulation-fundamentals-course\/","title":{"rendered":"Muscular electrostimulation fundamentals course"},"content":{"rendered":"<h2><strong>Didactic guide of the course:<\/strong><\/h2>\n<div class=\"accordion\">\n\t<div id=\"accordion-3814278381\" class=\"accordion-item\">\n\t\t<a id=\"accordion-3814278381-label\" class=\"accordion-title plain\" aria-expanded=\"false\" aria-controls=\"accordion-3814278381-content\">\n\t\t\t<button class=\"toggle\" aria-label=\"Toggle\"><i class=\"icon-angle-down\" aria-hidden=\"true\"><\/i><\/button>\n\t\t\t<span>Presentation:<\/span>\n\t\t<\/a>\n\t\t<div id=\"accordion-3814278381-content\" class=\"accordion-inner\" aria-labelledby=\"accordion-3814278381-label\">\n\t\t\t\n<p>This is an electrostimulation course focused on the analysis of the <strong>fundamentals<\/strong> of this work system. In our <strong>training<\/strong>, we analyze the concept itself, <strong>electrical parameters<\/strong>, different types of <strong>electrostimulation<\/strong> format (<strong>Compex<\/strong>\u00a0and electrofitness suits), and different<strong> electrode placement systems. <\/strong>We will also analyze the <strong>electrostimulation applications<\/strong> and we learn to create programming and to evaluate its effects.<\/p>\n<p>Of course, the whole training will always have a double focus, one focused on the sports field and <strong>physical preparation<\/strong>, and on the other hand, one focused on health, <strong>physiotherapy<\/strong> and readaptation.<\/p>\n<p>All of our <strong>electrostimulation courses<\/strong> are developed in a theoretical and practical way, giving a very important value to personal assistance through private forums of the courses and tutorials by videoconference.<\/p>\n<p>Currently, this training is developed in its online version in Spanish, but if you want to participate you should not worry, because all personal assistance will be received in English.<\/p>\n<p>Professor <a href=\"https:\/\/juanperis.fit\" target=\"_blank\" rel=\"noopener noreferrer\"><strong>Juan Peris<\/strong><\/a>, specialist in muscular electrostimulation, with an important academic curriculum: Phd student by the University of Valencia, Licentiate in Physical Activity and Sport, Graduate in Physical Education and Physiotherapy.<\/p>\n<p>&nbsp;<\/p>\n\t\t<\/div>\n\t<\/div>\n\t\n\t<div id=\"accordion-3950386188\" class=\"accordion-item\">\n\t\t<a id=\"accordion-3950386188-label\" class=\"accordion-title plain\" aria-expanded=\"false\" aria-controls=\"accordion-3950386188-content\">\n\t\t\t<button class=\"toggle\" aria-label=\"Toggle\"><i class=\"icon-angle-down\" aria-hidden=\"true\"><\/i><\/button>\n\t\t\t<span>Objetivos:<\/span>\n\t\t<\/a>\n\t\t<div id=\"accordion-3950386188-content\" class=\"accordion-inner\" aria-labelledby=\"accordion-3950386188-label\">\n\t\t\t\n<ul>\n<li>Ofrecer al alumno una visi\u00f3n amplia y pr\u00e1ctica sobre los <strong>fundamentos de la electroestimulaci\u00f3n<\/strong>\u00a0de modo que le permita integrarlo debidamente en sus programas de ejercicio f\u00edsico, entrenamiento y readaptaci\u00f3n deportiva.<\/li>\n<li>Conocer las bases de una <strong>corriente rectangular<\/strong> y ofrecer criterio en la selecci\u00f3n de programas.<\/li>\n<li>Desarrollar un an\u00e1lisis avanzado sobre los <strong>par\u00e1metros el\u00e9ctricos<\/strong> que rigen el entrenamiento con electroestimulaci\u00f3n muscular.<\/li>\n<li>Conocer las diferentes <strong>aplicaciones de la electroestimulaci\u00f3n<\/strong>\u00a0y los criterios para un aplicaci\u00f3n eficiente y segura.<\/li>\n<li>Aprender a aplicar la <strong>electromiograf\u00eda como un sistema de evaluaci\u00f3n<\/strong> de la EMS.<\/li>\n<li>Desarrollar <strong>casos pr\u00e1cticos<\/strong> con las diferentes formatos de electroestimuladores: anal\u00edtica y global.<\/li>\n<li>Ofrecer a los profesionales de la salud y deporte conocimientos te\u00f3rico-pr\u00e1cticos que les permitan el desarrollo de un trabajo multidisciplinar respetando las competencias de cada especialidad.<\/li>\n<li>Conocer la metodolog\u00eda <em><strong>Myox Ems<\/strong><\/em>: su an\u00e1lisis de conceptos, aplicaciones y criterios de progresi\u00f3n e individualizaci\u00f3n.<\/li>\n<\/ul>\n<ul>\n<li style=\"list-style-type: none;\"><\/li>\n<\/ul>\n<p>&nbsp;<\/p>\n\t\t<\/div>\n\t<\/div>\n\t\n\t<div id=\"accordion-482366906\" class=\"accordion-item\">\n\t\t<a id=\"accordion-482366906-label\" class=\"accordion-title plain\" aria-expanded=\"false\" aria-controls=\"accordion-482366906-content\">\n\t\t\t<button class=\"toggle\" aria-label=\"Toggle\"><i class=\"icon-angle-down\" aria-hidden=\"true\"><\/i><\/button>\n\t\t\t<span>Price:<\/span>\n\t\t<\/a>\n\t\t<div id=\"accordion-482366906-content\" class=\"accordion-inner\" aria-labelledby=\"accordion-482366906-label\">\n\t\t\t\n<ul>\n<li><strong>190 euros<\/strong><\/li>\n<li><em><strong>EXEMPT FROM VAT UNDER ART.20.1.9 OF LAW 37\/92 OF DECEMBER 28<\/strong><\/em><\/li>\n<\/ul>\n\t\t<\/div>\n\t<\/div>\n\t\n\t<div id=\"accordion-1886896060\" class=\"accordion-item\">\n\t\t<a id=\"accordion-1886896060-label\" class=\"accordion-title plain\" aria-expanded=\"false\" aria-controls=\"accordion-1886896060-content\">\n\t\t\t<button class=\"toggle\" aria-label=\"Toggle\"><i class=\"icon-angle-down\" aria-hidden=\"true\"><\/i><\/button>\n\t\t\t<span>Condiciones de participaci\u00f3n:<\/span>\n\t\t<\/a>\n\t\t<div id=\"accordion-1886896060-content\" class=\"accordion-inner\" aria-labelledby=\"accordion-1886896060-label\">\n\t\t\t\n<ul>\n<li>It is mandatory to read and accept the<a href=\"https:\/\/myox.fit\/condiciones-participacion\/\"><em><strong> conditions of participation<\/strong><\/em><\/a> to carry out the training of the Myox Ems Institute. Enrollment in any of our trainings implies acceptance of them.<\/li>\n<\/ul>\n\t\t<\/div>\n\t<\/div>\n\t\n<\/div>\n","protected":false},"excerpt":{"rendered":"<h2 style=\"text-align: left;\"><strong>Electrical muscle stimulation fundamentals: parameters, programming and evaluation.<\/strong><\/h2>\n<h3 style=\"text-align: left;\">ONLINE VERSION AVAILABLE IN SPANISH WITH ATTENTION TO THE STUDENT IN ENGLISH<\/h3>\n<h3 style=\"text-align: left;\"><strong>Formaci\u00f3n online, 40 horas.<\/strong><\/h3>\n<ul>\n<li>Profesor: <a href=\"https:\/\/juanperis.fit\">Juan Peris<\/a><\/li>\n<li>Descarga la <a href=\"https:\/\/myox.fit\/app\" target=\"_blank\" rel=\"noopener noreferrer\">app del Instituto Myox<\/a><\/li>\n<\/ul>\n","protected":false},"featured_media":20609,"comment_status":"open","ping_status":"closed","template":"","meta":{"_acf_changed":false},"product_brand":[],"product_cat":[473,602],"product_tag":[4866,4867],"class_list":{"0":"post-22223","1":"product","2":"type-product","3":"status-publish","4":"has-post-thumbnail","6":"product_cat-formation","7":"product_cat-online-electrostimulation-courses","8":"product_tag-cursos-online-en","9":"product_tag-parametros-electricos-en","11":"first","12":"instock","13":"featured","14":"virtual","15":"purchasable","16":"product-type-simple"},"acf":[],"yoast_head":"<!-- This site is optimized with the Yoast SEO plugin v27.4 - https:\/\/yoast.com\/product\/yoast-seo-wordpress\/ -->\n<title>Muscular electrostimulation fundamentals course - Myox<\/title>\n<meta name=\"description\" content=\"Formaci\u00f3n para profesionales que trabajan con electroestimulaci\u00f3n muscular. En este curso online analizamos los fundamentos, par\u00e1metros, circuitos,...\" \/>\n<meta name=\"robots\" content=\"index, follow, max-snippet:-1, max-image-preview:large, max-video-preview:-1\" \/>\n<link rel=\"canonical\" href=\"https:\/\/myox.fit\/en\/muscular-electrostimulation-fundamentals-course\/\" \/>\n<meta property=\"og:locale\" content=\"en_US\" \/>\n<meta property=\"og:type\" content=\"article\" \/>\n<meta property=\"og:title\" content=\"Muscular electrostimulation fundamentals course - Myox\" \/>\n<meta property=\"og:description\" content=\"Formaci\u00f3n para profesionales que trabajan con electroestimulaci\u00f3n muscular. En este curso online analizamos los fundamentos, par\u00e1metros, circuitos,...\" \/>\n<meta property=\"og:url\" content=\"https:\/\/myox.fit\/en\/muscular-electrostimulation-fundamentals-course\/\" \/>\n<meta property=\"og:site_name\" content=\"Myox.fit \u00ae\" \/>\n<meta property=\"article:publisher\" content=\"https:\/\/www.facebook.com\/Myox.fit\/\" \/>\n<meta property=\"article:modified_time\" content=\"2023-01-05T13:23:44+00:00\" \/>\n<meta property=\"og:image\" content=\"https:\/\/myox.fit\/wp-content\/uploads\/2019\/07\/CURSO-FUNDAMENTOS-ELECTROESTIMULACION-MYOX.jpg\" \/>\n\t<meta property=\"og:image:width\" content=\"1798\" \/>\n\t<meta property=\"og:image:height\" content=\"1198\" \/>\n\t<meta property=\"og:image:type\" content=\"image\/jpeg\" \/>\n<meta name=\"twitter:card\" content=\"summary_large_image\" \/>\n<meta name=\"twitter:label1\" content=\"Price\" \/>\n\t<meta name=\"twitter:data1\" content=\"230,00&nbsp;&euro;\" \/>\n\t<meta name=\"twitter:label2\" content=\"Availability\" \/>\n\t<meta name=\"twitter:data2\" content=\"In stock\" \/>\n<script type=\"application\/ld+json\" class=\"yoast-schema-graph\">{\"@context\":\"https:\\\/\\\/schema.org\",\"@graph\":[{\"@type\":\"WebPage\",\"@id\":\"https:\\\/\\\/myox.fit\\\/en\\\/muscular-electrostimulation-fundamentals-course\\\/\",\"url\":\"https:\\\/\\\/myox.fit\\\/en\\\/muscular-electrostimulation-fundamentals-course\\\/\",\"name\":\"Muscular electrostimulation fundamentals course - Myox\",\"isPartOf\":{\"@id\":\"https:\\\/\\\/myox.fit\\\/en\\\/#website\"},\"primaryImageOfPage\":{\"@id\":\"https:\\\/\\\/myox.fit\\\/en\\\/muscular-electrostimulation-fundamentals-course\\\/#primaryimage\"},\"image\":{\"@id\":\"https:\\\/\\\/myox.fit\\\/en\\\/muscular-electrostimulation-fundamentals-course\\\/#primaryimage\"},\"thumbnailUrl\":\"https:\\\/\\\/myox.fit\\\/wp-content\\\/uploads\\\/2019\\\/07\\\/CURSO-FUNDAMENTOS-ELECTROESTIMULACION-MYOX.jpg\",\"datePublished\":\"2019-07-17T17:31:30+00:00\",\"dateModified\":\"2023-01-05T13:23:44+00:00\",\"description\":\"Formaci\u00f3n para profesionales que trabajan con electroestimulaci\u00f3n muscular. En este curso online analizamos los fundamentos, par\u00e1metros, circuitos,...\",\"breadcrumb\":{\"@id\":\"https:\\\/\\\/myox.fit\\\/en\\\/muscular-electrostimulation-fundamentals-course\\\/#breadcrumb\"},\"inLanguage\":\"en-US\",\"potentialAction\":[{\"@type\":\"ReadAction\",\"target\":[\"https:\\\/\\\/myox.fit\\\/en\\\/muscular-electrostimulation-fundamentals-course\\\/\"]}]},{\"@type\":\"ImageObject\",\"inLanguage\":\"en-US\",\"@id\":\"https:\\\/\\\/myox.fit\\\/en\\\/muscular-electrostimulation-fundamentals-course\\\/#primaryimage\",\"url\":\"https:\\\/\\\/myox.fit\\\/wp-content\\\/uploads\\\/2019\\\/07\\\/CURSO-FUNDAMENTOS-ELECTROESTIMULACION-MYOX.jpg\",\"contentUrl\":\"https:\\\/\\\/myox.fit\\\/wp-content\\\/uploads\\\/2019\\\/07\\\/CURSO-FUNDAMENTOS-ELECTROESTIMULACION-MYOX.jpg\",\"width\":1798,\"height\":1198},{\"@type\":\"BreadcrumbList\",\"@id\":\"https:\\\/\\\/myox.fit\\\/en\\\/muscular-electrostimulation-fundamentals-course\\\/#breadcrumb\",\"itemListElement\":[{\"@type\":\"ListItem\",\"position\":1,\"name\":\"Portada\",\"item\":\"https:\\\/\\\/myox.fit\\\/en\\\/\"},{\"@type\":\"ListItem\",\"position\":2,\"name\":\"Store\",\"item\":\"https:\\\/\\\/myox.fit\\\/en\\\/store\\\/\"},{\"@type\":\"ListItem\",\"position\":3,\"name\":\"Muscular electrostimulation fundamentals course\"}]},{\"@type\":\"WebSite\",\"@id\":\"https:\\\/\\\/myox.fit\\\/en\\\/#website\",\"url\":\"https:\\\/\\\/myox.fit\\\/en\\\/\",\"name\":\"Myox.fit \u00ae\",\"description\":\"Entrenamiento Personal y Fisioterapia en la Nuc\u00eda y online con App Myox | Cursos de electroestimulaci\u00f3n muscular | Tienda online: Compex, Chattanooga, Vitobest,...\",\"publisher\":{\"@id\":\"https:\\\/\\\/myox.fit\\\/en\\\/#organization\"},\"potentialAction\":[{\"@type\":\"SearchAction\",\"target\":{\"@type\":\"EntryPoint\",\"urlTemplate\":\"https:\\\/\\\/myox.fit\\\/en\\\/?s={search_term_string}\"},\"query-input\":{\"@type\":\"PropertyValueSpecification\",\"valueRequired\":true,\"valueName\":\"search_term_string\"}}],\"inLanguage\":\"en-US\"},{\"@type\":\"Organization\",\"@id\":\"https:\\\/\\\/myox.fit\\\/en\\\/#organization\",\"name\":\"Myox\",\"url\":\"https:\\\/\\\/myox.fit\\\/en\\\/\",\"logo\":{\"@type\":\"ImageObject\",\"inLanguage\":\"en-US\",\"@id\":\"https:\\\/\\\/myox.fit\\\/en\\\/#\\\/schema\\\/logo\\\/image\\\/\",\"url\":\"https:\\\/\\\/myox.fit\\\/wp-content\\\/uploads\\\/2020\\\/01\\\/myox.mediano.png\",\"contentUrl\":\"https:\\\/\\\/myox.fit\\\/wp-content\\\/uploads\\\/2020\\\/01\\\/myox.mediano.png\",\"width\":351,\"height\":118,\"caption\":\"Myox\"},\"image\":{\"@id\":\"https:\\\/\\\/myox.fit\\\/en\\\/#\\\/schema\\\/logo\\\/image\\\/\"},\"sameAs\":[\"https:\\\/\\\/www.facebook.com\\\/Myox.fit\\\/\",\"https:\\\/\\\/www.instagram.com\\\/myox.fit\\\/\",\"https:\\\/\\\/www.linkedin.com\\\/in\\\/juanperis\\\/\",\"https:\\\/\\\/www.youtube.com\\\/MyoxFit\"]}]}<\/script>\n<meta property=\"product:price:amount\" content=\"230.00\" \/>\n<meta property=\"product:price:currency\" content=\"EUR\" \/>\n<meta property=\"og:availability\" content=\"instock\" \/>\n<meta property=\"product:availability\" content=\"instock\" \/>\n<meta property=\"product:retailer_item_id\" content=\"a05d886123a5\" \/>\n<meta property=\"product:condition\" content=\"new\" \/>\n<!-- \/ Yoast SEO plugin. -->","yoast_head_json":{"title":"Muscular electrostimulation fundamentals course - Myox","description":"Formaci\u00f3n para profesionales que trabajan con electroestimulaci\u00f3n muscular. En este curso online analizamos los fundamentos, par\u00e1metros, circuitos,...","robots":{"index":"index","follow":"follow","max-snippet":"max-snippet:-1","max-image-preview":"max-image-preview:large","max-video-preview":"max-video-preview:-1"},"canonical":"https:\/\/myox.fit\/en\/muscular-electrostimulation-fundamentals-course\/","og_locale":"en_US","og_type":"article","og_title":"Muscular electrostimulation fundamentals course - Myox","og_description":"Formaci\u00f3n para profesionales que trabajan con electroestimulaci\u00f3n muscular. En este curso online analizamos los fundamentos, par\u00e1metros, circuitos,...","og_url":"https:\/\/myox.fit\/en\/muscular-electrostimulation-fundamentals-course\/","og_site_name":"Myox.fit \u00ae","article_publisher":"https:\/\/www.facebook.com\/Myox.fit\/","article_modified_time":"2023-01-05T13:23:44+00:00","og_image":[{"width":1798,"height":1198,"url":"https:\/\/myox.fit\/wp-content\/uploads\/2019\/07\/CURSO-FUNDAMENTOS-ELECTROESTIMULACION-MYOX.jpg","type":"image\/jpeg"}],"twitter_card":"summary_large_image","twitter_misc":{"Price":"230,00&nbsp;&euro;","Availability":"In stock"},"schema":{"@context":"https:\/\/schema.org","@graph":[{"@type":"WebPage","@id":"https:\/\/myox.fit\/en\/muscular-electrostimulation-fundamentals-course\/","url":"https:\/\/myox.fit\/en\/muscular-electrostimulation-fundamentals-course\/","name":"Muscular electrostimulation fundamentals course - Myox","isPartOf":{"@id":"https:\/\/myox.fit\/en\/#website"},"primaryImageOfPage":{"@id":"https:\/\/myox.fit\/en\/muscular-electrostimulation-fundamentals-course\/#primaryimage"},"image":{"@id":"https:\/\/myox.fit\/en\/muscular-electrostimulation-fundamentals-course\/#primaryimage"},"thumbnailUrl":"https:\/\/myox.fit\/wp-content\/uploads\/2019\/07\/CURSO-FUNDAMENTOS-ELECTROESTIMULACION-MYOX.jpg","datePublished":"2019-07-17T17:31:30+00:00","dateModified":"2023-01-05T13:23:44+00:00","description":"Formaci\u00f3n para profesionales que trabajan con electroestimulaci\u00f3n muscular. En este curso online analizamos los fundamentos, par\u00e1metros, circuitos,...","breadcrumb":{"@id":"https:\/\/myox.fit\/en\/muscular-electrostimulation-fundamentals-course\/#breadcrumb"},"inLanguage":"en-US","potentialAction":[{"@type":"ReadAction","target":["https:\/\/myox.fit\/en\/muscular-electrostimulation-fundamentals-course\/"]}]},{"@type":"ImageObject","inLanguage":"en-US","@id":"https:\/\/myox.fit\/en\/muscular-electrostimulation-fundamentals-course\/#primaryimage","url":"https:\/\/myox.fit\/wp-content\/uploads\/2019\/07\/CURSO-FUNDAMENTOS-ELECTROESTIMULACION-MYOX.jpg","contentUrl":"https:\/\/myox.fit\/wp-content\/uploads\/2019\/07\/CURSO-FUNDAMENTOS-ELECTROESTIMULACION-MYOX.jpg","width":1798,"height":1198},{"@type":"BreadcrumbList","@id":"https:\/\/myox.fit\/en\/muscular-electrostimulation-fundamentals-course\/#breadcrumb","itemListElement":[{"@type":"ListItem","position":1,"name":"Portada","item":"https:\/\/myox.fit\/en\/"},{"@type":"ListItem","position":2,"name":"Store","item":"https:\/\/myox.fit\/en\/store\/"},{"@type":"ListItem","position":3,"name":"Muscular electrostimulation fundamentals course"}]},{"@type":"WebSite","@id":"https:\/\/myox.fit\/en\/#website","url":"https:\/\/myox.fit\/en\/","name":"Myox.fit \u00ae","description":"Entrenamiento Personal y Fisioterapia en la Nuc\u00eda y online con App Myox | Cursos de electroestimulaci\u00f3n muscular | Tienda online: Compex, Chattanooga, Vitobest,...","publisher":{"@id":"https:\/\/myox.fit\/en\/#organization"},"potentialAction":[{"@type":"SearchAction","target":{"@type":"EntryPoint","urlTemplate":"https:\/\/myox.fit\/en\/?s={search_term_string}"},"query-input":{"@type":"PropertyValueSpecification","valueRequired":true,"valueName":"search_term_string"}}],"inLanguage":"en-US"},{"@type":"Organization","@id":"https:\/\/myox.fit\/en\/#organization","name":"Myox","url":"https:\/\/myox.fit\/en\/","logo":{"@type":"ImageObject","inLanguage":"en-US","@id":"https:\/\/myox.fit\/en\/#\/schema\/logo\/image\/","url":"https:\/\/myox.fit\/wp-content\/uploads\/2020\/01\/myox.mediano.png","contentUrl":"https:\/\/myox.fit\/wp-content\/uploads\/2020\/01\/myox.mediano.png","width":351,"height":118,"caption":"Myox"},"image":{"@id":"https:\/\/myox.fit\/en\/#\/schema\/logo\/image\/"},"sameAs":["https:\/\/www.facebook.com\/Myox.fit\/","https:\/\/www.instagram.com\/myox.fit\/","https:\/\/www.linkedin.com\/in\/juanperis\/","https:\/\/www.youtube.com\/MyoxFit"]}]},"product_price_amount":"230.00","product_price_currency":"EUR","og_availability":"instock","product_availability":"instock","product_retailer_item_id":"a05d886123a5","product_condition":"new"},"_links":{"self":[{"href":"https:\/\/myox.fit\/en\/wp-json\/wp\/v2\/product\/22223","targetHints":{"allow":["GET"]}}],"collection":[{"href":"https:\/\/myox.fit\/en\/wp-json\/wp\/v2\/product"}],"about":[{"href":"https:\/\/myox.fit\/en\/wp-json\/wp\/v2\/types\/product"}],"replies":[{"embeddable":true,"href":"https:\/\/myox.fit\/en\/wp-json\/wp\/v2\/comments?post=22223"}],"wp:featuredmedia":[{"embeddable":true,"href":"https:\/\/myox.fit\/en\/wp-json\/wp\/v2\/media\/20609"}],"wp:attachment":[{"href":"https:\/\/myox.fit\/en\/wp-json\/wp\/v2\/media?parent=22223"}],"wp:term":[{"taxonomy":"product_brand","embeddable":true,"href":"https:\/\/myox.fit\/en\/wp-json\/wp\/v2\/product_brand?post=22223"},{"taxonomy":"product_cat","embeddable":true,"href":"https:\/\/myox.fit\/en\/wp-json\/wp\/v2\/product_cat?post=22223"},{"taxonomy":"product_tag","embeddable":true,"href":"https:\/\/myox.fit\/en\/wp-json\/wp\/v2\/product_tag?post=22223"}],"curies":[{"name":"wp","href":"https:\/\/api.w.org\/{rel}","templated":true}]}}