{"id":22209,"date":"2021-01-08T19:31:30","date_gmt":"2019-07-17T17:31:30","guid":{"rendered":"https:\/\/myox.fit\/curso-electroestimulacion-muscular-biomecanica\/"},"modified":"2023-01-05T14:35:43","modified_gmt":"2023-01-05T13:35:43","slug":"muscle-electrostimulation-biomechanics-course","status":"publish","type":"product","link":"https:\/\/myox.fit\/en\/muscle-electrostimulation-biomechanics-course\/","title":{"rendered":"Muscle electrostimulation applied to biomechanics course"},"content":{"rendered":"<h2><strong>Didactic guide of the course:<\/strong><\/h2>\n<div class=\"accordion\">\n\t<div id=\"accordion-4059387926\" class=\"accordion-item\">\n\t\t<a id=\"accordion-4059387926-label\" class=\"accordion-title plain\" aria-expanded=\"false\" aria-controls=\"accordion-4059387926-content\">\n\t\t\t<button class=\"toggle\" aria-label=\"Toggle\"><i class=\"icon-angle-down\" aria-hidden=\"true\"><\/i><\/button>\n\t\t\t<span>Presentation:<\/span>\n\t\t<\/a>\n\t\t<div id=\"accordion-4059387926-content\" class=\"accordion-inner\" aria-labelledby=\"accordion-4059387926-label\">\n\t\t\t\n<p>A fascinating <strong>online course<\/strong> oriented to the study of the biomechanics of our body, its movement patterns, joint stability, balance, proprioception, <strong>injuries<\/strong> (prevention and rehabilitation) and of course, how <strong>muscle electrical stimulation<\/strong> becomes a super useful tool available to trainers and physiotherapists in their <strong>kinesiological applications.<\/strong><\/p>\n<p>&nbsp;<\/p>\n<p>All the analysis, study, and development of practical cases will be always carried out, as it characterizes our formations, in the double aspect, <strong>physical preparation<\/strong> on the one hand, and of <strong>health, physiotherapy<\/strong>, and <strong>rehabilitation<\/strong> on the other hand.<\/p>\n<p>&nbsp;<\/p>\n<p>Of course, once again we will work with the different types of electric muscle stimulator (analytical like <strong>Compex<\/strong> or <strong>Chattanooga<\/strong> and with full body EMS, known as <strong>electrofitness vests<\/strong>)<\/p>\n\t\t<\/div>\n\t<\/div>\n\t\n\t<div id=\"accordion-3008689268\" class=\"accordion-item\">\n\t\t<a id=\"accordion-3008689268-label\" class=\"accordion-title plain\" aria-expanded=\"false\" aria-controls=\"accordion-3008689268-content\">\n\t\t\t<button class=\"toggle\" aria-label=\"Toggle\"><i class=\"icon-angle-down\" aria-hidden=\"true\"><\/i><\/button>\n\t\t\t<span>Special discounts:<\/span>\n\t\t<\/a>\n\t\t<div id=\"accordion-3008689268-content\" class=\"accordion-inner\" aria-labelledby=\"accordion-3008689268-label\">\n\t\t\t\n<ul>\n<li>You can currently register for \u20ac 190 (original price: \u20ac 200).<\/li>\n<li>Discounts are not cumulative.<\/li>\n<\/ul>\n\t\t<\/div>\n\t<\/div>\n\t\n\t<div id=\"accordion-851509235\" class=\"accordion-item\">\n\t\t<a id=\"accordion-851509235-label\" class=\"accordion-title plain\" aria-expanded=\"false\" aria-controls=\"accordion-851509235-content\">\n\t\t\t<button class=\"toggle\" aria-label=\"Toggle\"><i class=\"icon-angle-down\" aria-hidden=\"true\"><\/i><\/button>\n\t\t\t<span>Price:<\/span>\n\t\t<\/a>\n\t\t<div id=\"accordion-851509235-content\" class=\"accordion-inner\" aria-labelledby=\"accordion-851509235-label\">\n\t\t\t\n<ul>\n<li><strong>190 euros<\/strong><\/li>\n<li><em><strong>EXEMPT FROM VAT UNDER ART.20.1.9 OF LAW 37\/92 OF DECEMBER 28<\/strong><\/em><\/li>\n<\/ul>\n\t\t<\/div>\n\t<\/div>\n\t\n\t<div id=\"accordion-218246651\" class=\"accordion-item\">\n\t\t<a id=\"accordion-218246651-label\" class=\"accordion-title plain\" aria-expanded=\"false\" aria-controls=\"accordion-218246651-content\">\n\t\t\t<button class=\"toggle\" aria-label=\"Toggle\"><i class=\"icon-angle-down\" aria-hidden=\"true\"><\/i><\/button>\n\t\t\t<span>Condiciones de participaci\u00f3n:<\/span>\n\t\t<\/a>\n\t\t<div id=\"accordion-218246651-content\" class=\"accordion-inner\" aria-labelledby=\"accordion-218246651-label\">\n\t\t\t\n<ul>\n<li>It is mandatory to read and accept the<a href=\"https:\/\/myox.fit\/condiciones-participacion\/\"><em><strong> conditions of participation<\/strong><\/em><\/a> to carry out the training of the Myox Ems Institute. Enrollment in any of our trainings implies acceptance of them.<\/li>\n<\/ul>\n\t\t<\/div>\n\t<\/div>\n\t\n<\/div>\n","protected":false},"excerpt":{"rendered":"<h2 style=\"text-align: left;\"><strong>Muscle electrostimulation applied to kinesiology: reeducation of motor patterns, injuries, and sports rehabilitation.<\/strong><\/h2>\n<h3 style=\"text-align: left;\">ONLINE VERSION AVAILABLE IN SPANISH WITH STUDENT CARE IN ENGLISH<\/h3>\n<h3>Online training, 40 hours<\/h3>\n<ul>\n<li>Profesor: <a href=\"https:\/\/juanperis.fit\">Juan Peris<\/a><\/li>\n<li>Descarga la <a href=\"https:\/\/myox.fit\/app\" target=\"_blank\" rel=\"noopener noreferrer\">app del Instituto Myox<\/a><\/li>\n<\/ul>\n","protected":false},"featured_media":18795,"comment_status":"open","ping_status":"closed","template":"","meta":{"_acf_changed":false},"product_brand":[],"product_cat":[473,602],"product_tag":[],"class_list":{"0":"post-22209","1":"product","2":"type-product","3":"status-publish","4":"has-post-thumbnail","6":"product_cat-formation","7":"product_cat-online-electrostimulation-courses","9":"first","10":"instock","11":"virtual","12":"purchasable","13":"product-type-simple"},"acf":[],"yoast_head":"<!-- This site is optimized with the Yoast SEO plugin v27.4 - https:\/\/yoast.com\/product\/yoast-seo-wordpress\/ -->\n<title>Curso de electroestimulaci\u00f3n: kinesiolog\u00eda y poblaciones especiales - Instituto Myox<\/title>\n<meta name=\"description\" content=\"Curso de electroestimulaci\u00f3n muscular cuya formaci\u00f3n esta orientada a la aplicaciones en: poblaciones especiales, lesiones, kinesiolog\u00eda, patolog\u00edas,...\" \/>\n<meta name=\"robots\" content=\"index, follow, max-snippet:-1, max-image-preview:large, max-video-preview:-1\" \/>\n<link rel=\"canonical\" href=\"https:\/\/myox.fit\/en\/muscle-electrostimulation-biomechanics-course\/\" \/>\n<meta property=\"og:locale\" content=\"en_US\" \/>\n<meta property=\"og:type\" content=\"article\" \/>\n<meta property=\"og:title\" content=\"Curso de electroestimulaci\u00f3n: kinesiolog\u00eda y poblaciones especiales - Instituto Myox\" \/>\n<meta property=\"og:description\" content=\"Curso de electroestimulaci\u00f3n muscular cuya formaci\u00f3n esta orientada a la aplicaciones en: poblaciones especiales, lesiones, kinesiolog\u00eda, patolog\u00edas,...\" \/>\n<meta property=\"og:url\" content=\"https:\/\/myox.fit\/en\/muscle-electrostimulation-biomechanics-course\/\" \/>\n<meta property=\"og:site_name\" content=\"Myox.fit \u00ae\" \/>\n<meta property=\"article:publisher\" content=\"https:\/\/www.facebook.com\/Myox.fit\/\" \/>\n<meta property=\"article:modified_time\" content=\"2023-01-05T13:35:43+00:00\" \/>\n<meta property=\"og:image\" content=\"https:\/\/myox.fit\/wp-content\/uploads\/2019\/05\/KINESIOLOGIA-ELECTROESTIMULACION.jpg\" \/>\n\t<meta property=\"og:image:width\" content=\"1848\" \/>\n\t<meta property=\"og:image:height\" content=\"1388\" \/>\n\t<meta property=\"og:image:type\" content=\"image\/jpeg\" \/>\n<meta name=\"twitter:card\" content=\"summary_large_image\" \/>\n<meta name=\"twitter:label1\" content=\"Price\" \/>\n\t<meta name=\"twitter:data1\" content=\"330,00&nbsp;&euro;\" \/>\n\t<meta name=\"twitter:label2\" content=\"Availability\" \/>\n\t<meta name=\"twitter:data2\" content=\"In stock\" \/>\n<script type=\"application\/ld+json\" class=\"yoast-schema-graph\">{\"@context\":\"https:\\\/\\\/schema.org\",\"@graph\":[{\"@type\":\"WebPage\",\"@id\":\"https:\\\/\\\/myox.fit\\\/en\\\/muscle-electrostimulation-biomechanics-course\\\/\",\"url\":\"https:\\\/\\\/myox.fit\\\/en\\\/muscle-electrostimulation-biomechanics-course\\\/\",\"name\":\"Curso de electroestimulaci\u00f3n: kinesiolog\u00eda y poblaciones especiales - Instituto Myox\",\"isPartOf\":{\"@id\":\"https:\\\/\\\/myox.fit\\\/en\\\/#website\"},\"primaryImageOfPage\":{\"@id\":\"https:\\\/\\\/myox.fit\\\/en\\\/muscle-electrostimulation-biomechanics-course\\\/#primaryimage\"},\"image\":{\"@id\":\"https:\\\/\\\/myox.fit\\\/en\\\/muscle-electrostimulation-biomechanics-course\\\/#primaryimage\"},\"thumbnailUrl\":\"https:\\\/\\\/myox.fit\\\/wp-content\\\/uploads\\\/2019\\\/05\\\/KINESIOLOGIA-ELECTROESTIMULACION.jpg\",\"datePublished\":\"2019-07-17T17:31:30+00:00\",\"dateModified\":\"2023-01-05T13:35:43+00:00\",\"description\":\"Curso de electroestimulaci\u00f3n muscular cuya formaci\u00f3n esta orientada a la aplicaciones en: poblaciones especiales, lesiones, kinesiolog\u00eda, patolog\u00edas,...\",\"breadcrumb\":{\"@id\":\"https:\\\/\\\/myox.fit\\\/en\\\/muscle-electrostimulation-biomechanics-course\\\/#breadcrumb\"},\"inLanguage\":\"en-US\",\"potentialAction\":[{\"@type\":\"ReadAction\",\"target\":[\"https:\\\/\\\/myox.fit\\\/en\\\/muscle-electrostimulation-biomechanics-course\\\/\"]}]},{\"@type\":\"ImageObject\",\"inLanguage\":\"en-US\",\"@id\":\"https:\\\/\\\/myox.fit\\\/en\\\/muscle-electrostimulation-biomechanics-course\\\/#primaryimage\",\"url\":\"https:\\\/\\\/myox.fit\\\/wp-content\\\/uploads\\\/2019\\\/05\\\/KINESIOLOGIA-ELECTROESTIMULACION.jpg\",\"contentUrl\":\"https:\\\/\\\/myox.fit\\\/wp-content\\\/uploads\\\/2019\\\/05\\\/KINESIOLOGIA-ELECTROESTIMULACION.jpg\",\"width\":1848,\"height\":1388},{\"@type\":\"BreadcrumbList\",\"@id\":\"https:\\\/\\\/myox.fit\\\/en\\\/muscle-electrostimulation-biomechanics-course\\\/#breadcrumb\",\"itemListElement\":[{\"@type\":\"ListItem\",\"position\":1,\"name\":\"Portada\",\"item\":\"https:\\\/\\\/myox.fit\\\/en\\\/\"},{\"@type\":\"ListItem\",\"position\":2,\"name\":\"Store\",\"item\":\"https:\\\/\\\/myox.fit\\\/en\\\/store\\\/\"},{\"@type\":\"ListItem\",\"position\":3,\"name\":\"Muscle electrostimulation applied to biomechanics course\"}]},{\"@type\":\"WebSite\",\"@id\":\"https:\\\/\\\/myox.fit\\\/en\\\/#website\",\"url\":\"https:\\\/\\\/myox.fit\\\/en\\\/\",\"name\":\"Myox.fit \u00ae\",\"description\":\"Entrenamiento Personal y Fisioterapia en la Nuc\u00eda y online con App Myox | Cursos de electroestimulaci\u00f3n muscular | Tienda online: Compex, Chattanooga, Vitobest,...\",\"publisher\":{\"@id\":\"https:\\\/\\\/myox.fit\\\/en\\\/#organization\"},\"potentialAction\":[{\"@type\":\"SearchAction\",\"target\":{\"@type\":\"EntryPoint\",\"urlTemplate\":\"https:\\\/\\\/myox.fit\\\/en\\\/?s={search_term_string}\"},\"query-input\":{\"@type\":\"PropertyValueSpecification\",\"valueRequired\":true,\"valueName\":\"search_term_string\"}}],\"inLanguage\":\"en-US\"},{\"@type\":\"Organization\",\"@id\":\"https:\\\/\\\/myox.fit\\\/en\\\/#organization\",\"name\":\"Myox\",\"url\":\"https:\\\/\\\/myox.fit\\\/en\\\/\",\"logo\":{\"@type\":\"ImageObject\",\"inLanguage\":\"en-US\",\"@id\":\"https:\\\/\\\/myox.fit\\\/en\\\/#\\\/schema\\\/logo\\\/image\\\/\",\"url\":\"https:\\\/\\\/myox.fit\\\/wp-content\\\/uploads\\\/2020\\\/01\\\/myox.mediano.png\",\"contentUrl\":\"https:\\\/\\\/myox.fit\\\/wp-content\\\/uploads\\\/2020\\\/01\\\/myox.mediano.png\",\"width\":351,\"height\":118,\"caption\":\"Myox\"},\"image\":{\"@id\":\"https:\\\/\\\/myox.fit\\\/en\\\/#\\\/schema\\\/logo\\\/image\\\/\"},\"sameAs\":[\"https:\\\/\\\/www.facebook.com\\\/Myox.fit\\\/\",\"https:\\\/\\\/www.instagram.com\\\/myox.fit\\\/\",\"https:\\\/\\\/www.linkedin.com\\\/in\\\/juanperis\\\/\",\"https:\\\/\\\/www.youtube.com\\\/MyoxFit\"]}]}<\/script>\n<meta property=\"product:price:amount\" content=\"330.00\" \/>\n<meta property=\"product:price:currency\" content=\"EUR\" \/>\n<meta property=\"og:availability\" content=\"instock\" \/>\n<meta property=\"product:availability\" content=\"instock\" \/>\n<meta property=\"product:retailer_item_id\" content=\"3e524bf740dc\" \/>\n<meta property=\"product:condition\" content=\"new\" \/>\n<!-- \/ Yoast SEO plugin. -->","yoast_head_json":{"title":"Curso de electroestimulaci\u00f3n: kinesiolog\u00eda y poblaciones especiales - Instituto Myox","description":"Curso de electroestimulaci\u00f3n muscular cuya formaci\u00f3n esta orientada a la aplicaciones en: poblaciones especiales, lesiones, kinesiolog\u00eda, patolog\u00edas,...","robots":{"index":"index","follow":"follow","max-snippet":"max-snippet:-1","max-image-preview":"max-image-preview:large","max-video-preview":"max-video-preview:-1"},"canonical":"https:\/\/myox.fit\/en\/muscle-electrostimulation-biomechanics-course\/","og_locale":"en_US","og_type":"article","og_title":"Curso de electroestimulaci\u00f3n: kinesiolog\u00eda y poblaciones especiales - Instituto Myox","og_description":"Curso de electroestimulaci\u00f3n muscular cuya formaci\u00f3n esta orientada a la aplicaciones en: poblaciones especiales, lesiones, kinesiolog\u00eda, patolog\u00edas,...","og_url":"https:\/\/myox.fit\/en\/muscle-electrostimulation-biomechanics-course\/","og_site_name":"Myox.fit \u00ae","article_publisher":"https:\/\/www.facebook.com\/Myox.fit\/","article_modified_time":"2023-01-05T13:35:43+00:00","og_image":[{"width":1848,"height":1388,"url":"https:\/\/myox.fit\/wp-content\/uploads\/2019\/05\/KINESIOLOGIA-ELECTROESTIMULACION.jpg","type":"image\/jpeg"}],"twitter_card":"summary_large_image","twitter_misc":{"Price":"330,00&nbsp;&euro;","Availability":"In stock"},"schema":{"@context":"https:\/\/schema.org","@graph":[{"@type":"WebPage","@id":"https:\/\/myox.fit\/en\/muscle-electrostimulation-biomechanics-course\/","url":"https:\/\/myox.fit\/en\/muscle-electrostimulation-biomechanics-course\/","name":"Curso de electroestimulaci\u00f3n: kinesiolog\u00eda y poblaciones especiales - Instituto Myox","isPartOf":{"@id":"https:\/\/myox.fit\/en\/#website"},"primaryImageOfPage":{"@id":"https:\/\/myox.fit\/en\/muscle-electrostimulation-biomechanics-course\/#primaryimage"},"image":{"@id":"https:\/\/myox.fit\/en\/muscle-electrostimulation-biomechanics-course\/#primaryimage"},"thumbnailUrl":"https:\/\/myox.fit\/wp-content\/uploads\/2019\/05\/KINESIOLOGIA-ELECTROESTIMULACION.jpg","datePublished":"2019-07-17T17:31:30+00:00","dateModified":"2023-01-05T13:35:43+00:00","description":"Curso de electroestimulaci\u00f3n muscular cuya formaci\u00f3n esta orientada a la aplicaciones en: poblaciones especiales, lesiones, kinesiolog\u00eda, patolog\u00edas,...","breadcrumb":{"@id":"https:\/\/myox.fit\/en\/muscle-electrostimulation-biomechanics-course\/#breadcrumb"},"inLanguage":"en-US","potentialAction":[{"@type":"ReadAction","target":["https:\/\/myox.fit\/en\/muscle-electrostimulation-biomechanics-course\/"]}]},{"@type":"ImageObject","inLanguage":"en-US","@id":"https:\/\/myox.fit\/en\/muscle-electrostimulation-biomechanics-course\/#primaryimage","url":"https:\/\/myox.fit\/wp-content\/uploads\/2019\/05\/KINESIOLOGIA-ELECTROESTIMULACION.jpg","contentUrl":"https:\/\/myox.fit\/wp-content\/uploads\/2019\/05\/KINESIOLOGIA-ELECTROESTIMULACION.jpg","width":1848,"height":1388},{"@type":"BreadcrumbList","@id":"https:\/\/myox.fit\/en\/muscle-electrostimulation-biomechanics-course\/#breadcrumb","itemListElement":[{"@type":"ListItem","position":1,"name":"Portada","item":"https:\/\/myox.fit\/en\/"},{"@type":"ListItem","position":2,"name":"Store","item":"https:\/\/myox.fit\/en\/store\/"},{"@type":"ListItem","position":3,"name":"Muscle electrostimulation applied to biomechanics course"}]},{"@type":"WebSite","@id":"https:\/\/myox.fit\/en\/#website","url":"https:\/\/myox.fit\/en\/","name":"Myox.fit \u00ae","description":"Entrenamiento Personal y Fisioterapia en la Nuc\u00eda y online con App Myox | Cursos de electroestimulaci\u00f3n muscular | Tienda online: Compex, Chattanooga, Vitobest,...","publisher":{"@id":"https:\/\/myox.fit\/en\/#organization"},"potentialAction":[{"@type":"SearchAction","target":{"@type":"EntryPoint","urlTemplate":"https:\/\/myox.fit\/en\/?s={search_term_string}"},"query-input":{"@type":"PropertyValueSpecification","valueRequired":true,"valueName":"search_term_string"}}],"inLanguage":"en-US"},{"@type":"Organization","@id":"https:\/\/myox.fit\/en\/#organization","name":"Myox","url":"https:\/\/myox.fit\/en\/","logo":{"@type":"ImageObject","inLanguage":"en-US","@id":"https:\/\/myox.fit\/en\/#\/schema\/logo\/image\/","url":"https:\/\/myox.fit\/wp-content\/uploads\/2020\/01\/myox.mediano.png","contentUrl":"https:\/\/myox.fit\/wp-content\/uploads\/2020\/01\/myox.mediano.png","width":351,"height":118,"caption":"Myox"},"image":{"@id":"https:\/\/myox.fit\/en\/#\/schema\/logo\/image\/"},"sameAs":["https:\/\/www.facebook.com\/Myox.fit\/","https:\/\/www.instagram.com\/myox.fit\/","https:\/\/www.linkedin.com\/in\/juanperis\/","https:\/\/www.youtube.com\/MyoxFit"]}]},"product_price_amount":"330.00","product_price_currency":"EUR","og_availability":"instock","product_availability":"instock","product_retailer_item_id":"3e524bf740dc","product_condition":"new"},"_links":{"self":[{"href":"https:\/\/myox.fit\/en\/wp-json\/wp\/v2\/product\/22209","targetHints":{"allow":["GET"]}}],"collection":[{"href":"https:\/\/myox.fit\/en\/wp-json\/wp\/v2\/product"}],"about":[{"href":"https:\/\/myox.fit\/en\/wp-json\/wp\/v2\/types\/product"}],"replies":[{"embeddable":true,"href":"https:\/\/myox.fit\/en\/wp-json\/wp\/v2\/comments?post=22209"}],"wp:featuredmedia":[{"embeddable":true,"href":"https:\/\/myox.fit\/en\/wp-json\/wp\/v2\/media\/18795"}],"wp:attachment":[{"href":"https:\/\/myox.fit\/en\/wp-json\/wp\/v2\/media?parent=22209"}],"wp:term":[{"taxonomy":"product_brand","embeddable":true,"href":"https:\/\/myox.fit\/en\/wp-json\/wp\/v2\/product_brand?post=22209"},{"taxonomy":"product_cat","embeddable":true,"href":"https:\/\/myox.fit\/en\/wp-json\/wp\/v2\/product_cat?post=22209"},{"taxonomy":"product_tag","embeddable":true,"href":"https:\/\/myox.fit\/en\/wp-json\/wp\/v2\/product_tag?post=22209"}],"curies":[{"name":"wp","href":"https:\/\/api.w.org\/{rel}","templated":true}]}}