{"id":16489,"date":"2019-12-28T13:18:31","date_gmt":"2019-12-28T12:18:31","guid":{"rendered":"https:\/\/myox.fit\/?page_id=16489"},"modified":"2019-12-28T13:18:31","modified_gmt":"2019-12-28T12:18:31","slug":"know-us","status":"publish","type":"page","link":"https:\/\/myox.fit\/en\/know-us\/","title":{"rendered":"Know us"},"content":{"rendered":"\r\n\t<div id=\"gap-366474623\" class=\"gap-element clearfix\" style=\"display:block; height:auto;\">\n\t\t\n<style>\n#gap-366474623 {\n  padding-top: 27px;\n}\n<\/style>\n\t<\/div>\n\t <div class=\"row row-collapse row-full-width align-middle align-center\"  id=\"row-241377207\"> \n\t<div id=\"col-1651800475\" class=\"col medium-5 small-12 large-5\"  >\n\t\t\t\t<div class=\"col-inner text-center\" style=\"background-color:rgb(0, 84, 135);\" >\n\t\t\t\n\t\t\t \t<div class=\"img has-hover x md-x lg-x y md-y lg-y\" id=\"image_1497488774\">\n\t\t\t\t\t\t\t\t<div class=\"img-inner dark\" >\n\t\t\t<img loading=\"lazy\" decoding=\"async\" width=\"551\" height=\"138\" src=\"https:\/\/myox.fit\/wp-content\/uploads\/2019\/08\/myox_blanco-conocenos.png\" class=\"attachment-large size-large\" alt=\"\" \/>\t\t\t\t\t\t\n\t\t\t\t\t<\/div>\n\t\t\t\t\t\t\t\t\n<style>\n#image_1497488774 {\n  width: 55%;\n}\n<\/style>\n\t<\/div>\n\t \t\t<\/div>\n\t\t\t\t\n<style>\n#col-1651800475 > .col-inner {\n  padding: 178px 0px 174px 0px;\n}\n<\/style>\n\t<\/div>\n\n\t \n\t<div id=\"col-1914880368\" class=\"col medium-7 small-12 large-7\"  >\n\t\t\t\t<div class=\"col-inner\"  >\n\t\t\t\n\t\t\t\r\n<p><span style=\"font-size: 35px; font-weight: 600; color: #005487;\">Myox Ems Institute<\/span><br \/>Myox Ems Institute nace en el a\u00f1o 2014 de la mano de Juan Peris, coincidiendo con el d\u00e9cimo aniversario del nacimiento de Neokinesis (su marca madre), y lo hace con un prop\u00f3sito claro: convertirse en una marca de referencia internacional en este campo, el de la ELECTROESTIMULACI\u00d3N MUSCULAR. El trabajo desarrollado por Juan Peris, a trav\u00e9s de Neokinesis, su gran desarrollo e impacto internacional, motivan el nacimiento del Instituto Myox, delegando en todo el trabajo especializado en electroestimulaci\u00f3n muscular: desarrollamos protocolos de trabajo, ofrecemos formaciones, asesoramiento a profesionales y amateurs internacionales, distribuimos equipos de electroestimulaci\u00f3n convirti\u00e9ndonos en la primera tienda dirigida por especialistas de la materia, adem\u00e1s compartimos cantidad de informaci\u00f3n a trav\u00e9s de nuestro blog y nuestro foro. En definitiva, Myox.fit ha nacido para convertirse en el Instituto de referencia internacional en electroestimulaci\u00f3n muscular, a trav\u00e9s de un trabajo llevado a a cabo siempre bas\u00e1ndose en tres pilares b\u00e1sicos: conocimiento, honestidad e ilusi\u00f3n.<\/p>\r\n\t\t<\/div>\n\t\t\t\t\n<style>\n#col-1914880368 > .col-inner {\n  padding: 0px 29px 0px 20px;\n}\n<\/style>\n\t<\/div>\n\n\t <\/div> \t<div id=\"gap-77687719\" class=\"gap-element clearfix\" style=\"display:block; height:auto;\">\n\t\t\n<style>\n#gap-77687719 {\n  padding-top: 47px;\n}\n<\/style>\n\t<\/div>\n\t <div class=\"container section-title-container\" ><h3 class=\"section-title section-title-bold-center\"><b aria-hidden=\"true\"><\/b><span class=\"section-title-main\" >NUESTROS PROFESIONALES<\/span><b aria-hidden=\"true\"><\/b><\/h3><\/div> <div class=\"row\"  id=\"row-1459168955\"> \n\t<div id=\"col-419027291\" class=\"col medium-5 small-12 large-5\"  >\n\t\t\t\t<div class=\"col-inner text-center\"  >\n\t\t\t\n\t\t\t \t<div class=\"img has-hover x md-x lg-x y md-y lg-y\" id=\"image_1291806117\">\n\t\t\t\t\t\t\t\t<div class=\"img-inner dark\" >\n\t\t\t<img loading=\"lazy\" decoding=\"async\" width=\"491\" height=\"520\" src=\"https:\/\/myox.fit\/wp-content\/uploads\/2019\/04\/profesor-juan-peris.png\" class=\"attachment-large size-large\" alt=\"\" srcset=\"https:\/\/myox.fit\/wp-content\/uploads\/2019\/04\/profesor-juan-peris.png 491w, https:\/\/myox.fit\/wp-content\/uploads\/2019\/04\/profesor-juan-peris-378x400.png 378w\" sizes=\"auto, (max-width: 491px) 100vw, 491px\" \/>\t\t\t\t\t\t\n\t\t\t\t\t<\/div>\n\t\t\t\t\t\t\t\t\n<style>\n#image_1291806117 {\n  width: 85%;\n}\n<\/style>\n\t<\/div>\n\t\r\n<p style=\"text-align: center; color: #005487; line-height: 5px; font-size: 25px;\">JUAN PERIS<\/p>\r\n<p style=\"text-align: center; color: #005487; line-height: 5px;\">Director de Myox Ems institute<\/p>\r\n<div class=\"social-icons follow-icons full-width text-center\" ><a href=\"#\" target=\"_blank\" data-label=\"Facebook\" class=\"icon button circle is-outline tooltip facebook\" title=\"Follow on Facebook\" aria-label=\"Follow on Facebook\" rel=\"noopener nofollow\"><i class=\"icon-facebook\" aria-hidden=\"true\"><\/i><\/a><a href=\"#\" data-label=\"Twitter\" target=\"_blank\" class=\"icon button circle is-outline tooltip twitter\" title=\"Follow on Twitter\" aria-label=\"Follow on Twitter\" rel=\"noopener nofollow\"><i class=\"icon-twitter\" aria-hidden=\"true\"><\/i><\/a><a href=\"mailto:#\" data-label=\"E-mail\" target=\"_blank\" class=\"icon button circle is-outline tooltip email\" title=\"Send us an email\" aria-label=\"Send us an email\" rel=\"nofollow noopener\"><i class=\"icon-envelop\" aria-hidden=\"true\"><\/i><\/a><a href=\"#\" data-label=\"LinkedIn\" target=\"_blank\" class=\"icon button circle is-outline tooltip linkedin\" title=\"Follow on LinkedIn\" aria-label=\"Follow on LinkedIn\" rel=\"noopener nofollow\"><i class=\"icon-linkedin\" aria-hidden=\"true\"><\/i><\/a><\/div> \t\t<\/div>\n\t\t\t\t\t<\/div>\n\n\t \n\t<div id=\"col-590578010\" class=\"col medium-7 small-12 large-7\"  >\n\t\t\t\t<div class=\"col-inner\"  >\n\t\t\t\n\t\t\t\r\n<p>Creador y director de Neokinesis, 2004 (responsable del \u00e1rea de entrenamiento y fisioterapia) Creador y director de Myox, 2014 (director y profesor en los cursos de formaci\u00f3n). Nacido en 1981 y natural de Sagunto (Valencia), vive y siente este proyecto no como un trabajo sino como un sue\u00f1o hecho realidad, que con toda su pasi\u00f3n y dedicaci\u00f3n ha hecho de \u00e9l su forma de vida. Deportista desde bien ni\u00f1o y con una vocaci\u00f3n innata por la docencia, ha ido desarrollando un extenso curr\u00edculum hasta el d\u00eda de hoy, con una ilusi\u00f3n de crecimiento y superaci\u00f3n continua. En cuanto a su Curr\u00edculum Vitae, cabe destacar:<\/p>\r\n<p>&#8211; Doctorando por la Universidad de Valencia en el programa de Fisiolog\u00eda del Esfuerzo<\/p>\r\n<p>&#8211; Facultad de Medicina.<\/p>\r\n<p>&#8211; DEA en Ciencias Aplicadas al Deporte<\/p>\r\n<p>&#8211; Lic. Ciencias de la Actividad F\u00edsica y el Deporte (colegiado 12.739)<\/p>\r\n<p>&#8211; Diplomado en Fisioterapia (colegiado 3.319)<\/p>\r\n<p>&#8211; Diplomado en Educaci\u00f3n F\u00edsica Contacto: juan@juanperis.fit<\/p>\r\n\t\t<\/div>\n\t\t\t\t\t<\/div>\n\n\t <\/div> \t<div id=\"gap-207750863\" class=\"gap-element clearfix\" style=\"display:block; height:auto;\">\n\t\t\n<style>\n#gap-207750863 {\n  padding-top: 67px;\n}\n<\/style>\n\t<\/div>\n\t <div class=\"row\"  id=\"row-1542494339\"> \n\t<div id=\"col-1489001940\" class=\"col medium-5 small-12 large-5\"  >\n\t\t\t\t<div class=\"col-inner text-center\"  >\n\t\t\t\n\t\t\t \t<div class=\"img has-hover x md-x lg-x y md-y lg-y\" id=\"image_278377697\">\n\t\t\t\t\t\t\t\t<div class=\"img-inner dark\" >\n\t\t\t<img loading=\"lazy\" decoding=\"async\" width=\"491\" height=\"520\" src=\"https:\/\/myox.fit\/wp-content\/uploads\/2019\/04\/profesora-thais.png\" class=\"attachment-large size-large\" alt=\"\" srcset=\"https:\/\/myox.fit\/wp-content\/uploads\/2019\/04\/profesora-thais.png 491w, https:\/\/myox.fit\/wp-content\/uploads\/2019\/04\/profesora-thais-378x400.png 378w\" sizes=\"auto, (max-width: 491px) 100vw, 491px\" \/>\t\t\t\t\t\t\n\t\t\t\t\t<\/div>\n\t\t\t\t\t\t\t\t\n<style>\n#image_278377697 {\n  width: 85%;\n}\n<\/style>\n\t<\/div>\n\t\r\n<p style=\"text-align: center; color: #005487; line-height: 5px; font-size: 25px;\">THAIS DE MOURA<\/p>\r\n<p style=\"text-align: center; color: #005487; line-height: 5px;\">Coordinador de Myox Ems institute<\/p>\r\n<div class=\"social-icons follow-icons full-width text-center\" ><a href=\"#\" target=\"_blank\" data-label=\"Facebook\" class=\"icon button circle is-outline tooltip facebook\" title=\"Follow on Facebook\" aria-label=\"Follow on Facebook\" rel=\"noopener nofollow\"><i class=\"icon-facebook\" aria-hidden=\"true\"><\/i><\/a><a href=\"#\" data-label=\"Twitter\" target=\"_blank\" class=\"icon button circle is-outline tooltip twitter\" title=\"Follow on Twitter\" aria-label=\"Follow on Twitter\" rel=\"noopener nofollow\"><i class=\"icon-twitter\" aria-hidden=\"true\"><\/i><\/a><a href=\"mailto:#\" data-label=\"E-mail\" target=\"_blank\" class=\"icon button circle is-outline tooltip email\" title=\"Send us an email\" aria-label=\"Send us an email\" rel=\"nofollow noopener\"><i class=\"icon-envelop\" aria-hidden=\"true\"><\/i><\/a><a href=\"#\" data-label=\"LinkedIn\" target=\"_blank\" class=\"icon button circle is-outline tooltip linkedin\" title=\"Follow on LinkedIn\" aria-label=\"Follow on LinkedIn\" rel=\"noopener nofollow\"><i class=\"icon-linkedin\" aria-hidden=\"true\"><\/i><\/a><\/div> \t\t<\/div>\n\t\t\t\t\t<\/div>\n\n\t \n\t<div id=\"col-1427253117\" class=\"col medium-7 small-12 large-7\"  >\n\t\t\t\t<div class=\"col-inner\"  >\n\t\t\t\n\t\t\t\r\n<p>Thais de encarga de la coordinaci\u00f3n de las formaciones nacionales e internacionales. Adem\u00e1s es la responsable de las traducciones y atenci\u00f3n en portugu\u00e9s. En cuanto a su curr\u00edculum vitae:<\/p>\r\n<p>&#8211; Cursando Graduaci\u00f3n en Educaci\u00f3n F\u00edsica.<\/p>\r\n<p>&#8211; Certificada Myox: especialista en electroestimulaci\u00f3n muscular.<\/p>\r\n<p>&#8211; Cintur\u00f3n negro en Wushu Kung-fu, atleta de \u00e9lite nacional en Brasil.<\/p>\r\n<p>Contacto: thais@thaisdemoura.fit<\/p>\r\n\t\t<\/div>\n\t\t\t\t\t<\/div>\n\n\t <\/div>\r\n","protected":false},"excerpt":{"rendered":"","protected":false},"author":10,"featured_media":0,"parent":0,"menu_order":0,"comment_status":"closed","ping_status":"closed","template":"page-blank.php","meta":{"_acf_changed":false,"footnotes":""},"class_list":["post-16489","page","type-page","status-publish","hentry"],"acf":[],"yoast_head":"<!-- This site is optimized with the Yoast SEO plugin v27.4 - https:\/\/yoast.com\/product\/yoast-seo-wordpress\/ -->\n<title>Know us - Myox.fit \u00ae<\/title>\n<meta name=\"robots\" content=\"index, follow, max-snippet:-1, max-image-preview:large, max-video-preview:-1\" \/>\n<link rel=\"canonical\" href=\"https:\/\/myox.fit\/en\/know-us\/\" \/>\n<meta property=\"og:locale\" content=\"en_US\" \/>\n<meta property=\"og:type\" content=\"article\" \/>\n<meta property=\"og:title\" content=\"Know us - Myox.fit \u00ae\" \/>\n<meta property=\"og:url\" content=\"https:\/\/myox.fit\/en\/know-us\/\" \/>\n<meta property=\"og:site_name\" content=\"Myox.fit \u00ae\" \/>\n<meta property=\"article:publisher\" content=\"https:\/\/www.facebook.com\/Myox.fit\/\" \/>\n<meta name=\"twitter:card\" content=\"summary_large_image\" \/>\n<meta name=\"twitter:label1\" content=\"Est. reading time\" \/>\n\t<meta name=\"twitter:data1\" content=\"3 minutes\" \/>\n<script type=\"application\/ld+json\" class=\"yoast-schema-graph\">{\"@context\":\"https:\\\/\\\/schema.org\",\"@graph\":[{\"@type\":\"WebPage\",\"@id\":\"https:\\\/\\\/myox.fit\\\/en\\\/know-us\\\/\",\"url\":\"https:\\\/\\\/myox.fit\\\/en\\\/know-us\\\/\",\"name\":\"Know us - Myox.fit \u00ae\",\"isPartOf\":{\"@id\":\"https:\\\/\\\/myox.fit\\\/en\\\/#website\"},\"datePublished\":\"2019-12-28T12:18:31+00:00\",\"breadcrumb\":{\"@id\":\"https:\\\/\\\/myox.fit\\\/en\\\/know-us\\\/#breadcrumb\"},\"inLanguage\":\"en-US\",\"potentialAction\":[{\"@type\":\"ReadAction\",\"target\":[\"https:\\\/\\\/myox.fit\\\/en\\\/know-us\\\/\"]}]},{\"@type\":\"BreadcrumbList\",\"@id\":\"https:\\\/\\\/myox.fit\\\/en\\\/know-us\\\/#breadcrumb\",\"itemListElement\":[{\"@type\":\"ListItem\",\"position\":1,\"name\":\"Portada\",\"item\":\"https:\\\/\\\/myox.fit\\\/en\\\/\"},{\"@type\":\"ListItem\",\"position\":2,\"name\":\"Know us\"}]},{\"@type\":\"WebSite\",\"@id\":\"https:\\\/\\\/myox.fit\\\/en\\\/#website\",\"url\":\"https:\\\/\\\/myox.fit\\\/en\\\/\",\"name\":\"Myox.fit \u00ae\",\"description\":\"Entrenamiento Personal y Fisioterapia en la Nuc\u00eda y online con App Myox | Cursos de electroestimulaci\u00f3n muscular | Tienda online: Compex, Chattanooga, Vitobest,...\",\"publisher\":{\"@id\":\"https:\\\/\\\/myox.fit\\\/en\\\/#organization\"},\"potentialAction\":[{\"@type\":\"SearchAction\",\"target\":{\"@type\":\"EntryPoint\",\"urlTemplate\":\"https:\\\/\\\/myox.fit\\\/en\\\/?s={search_term_string}\"},\"query-input\":{\"@type\":\"PropertyValueSpecification\",\"valueRequired\":true,\"valueName\":\"search_term_string\"}}],\"inLanguage\":\"en-US\"},{\"@type\":\"Organization\",\"@id\":\"https:\\\/\\\/myox.fit\\\/en\\\/#organization\",\"name\":\"Myox\",\"url\":\"https:\\\/\\\/myox.fit\\\/en\\\/\",\"logo\":{\"@type\":\"ImageObject\",\"inLanguage\":\"en-US\",\"@id\":\"https:\\\/\\\/myox.fit\\\/en\\\/#\\\/schema\\\/logo\\\/image\\\/\",\"url\":\"https:\\\/\\\/myox.fit\\\/wp-content\\\/uploads\\\/2020\\\/01\\\/myox.mediano.png\",\"contentUrl\":\"https:\\\/\\\/myox.fit\\\/wp-content\\\/uploads\\\/2020\\\/01\\\/myox.mediano.png\",\"width\":351,\"height\":118,\"caption\":\"Myox\"},\"image\":{\"@id\":\"https:\\\/\\\/myox.fit\\\/en\\\/#\\\/schema\\\/logo\\\/image\\\/\"},\"sameAs\":[\"https:\\\/\\\/www.facebook.com\\\/Myox.fit\\\/\",\"https:\\\/\\\/www.instagram.com\\\/myox.fit\\\/\",\"https:\\\/\\\/www.linkedin.com\\\/in\\\/juanperis\\\/\",\"https:\\\/\\\/www.youtube.com\\\/MyoxFit\"]}]}<\/script>\n<!-- \/ Yoast SEO plugin. -->","yoast_head_json":{"title":"Know us - Myox.fit \u00ae","robots":{"index":"index","follow":"follow","max-snippet":"max-snippet:-1","max-image-preview":"max-image-preview:large","max-video-preview":"max-video-preview:-1"},"canonical":"https:\/\/myox.fit\/en\/know-us\/","og_locale":"en_US","og_type":"article","og_title":"Know us - Myox.fit \u00ae","og_url":"https:\/\/myox.fit\/en\/know-us\/","og_site_name":"Myox.fit \u00ae","article_publisher":"https:\/\/www.facebook.com\/Myox.fit\/","twitter_card":"summary_large_image","twitter_misc":{"Est. reading time":"3 minutes"},"schema":{"@context":"https:\/\/schema.org","@graph":[{"@type":"WebPage","@id":"https:\/\/myox.fit\/en\/know-us\/","url":"https:\/\/myox.fit\/en\/know-us\/","name":"Know us - Myox.fit \u00ae","isPartOf":{"@id":"https:\/\/myox.fit\/en\/#website"},"datePublished":"2019-12-28T12:18:31+00:00","breadcrumb":{"@id":"https:\/\/myox.fit\/en\/know-us\/#breadcrumb"},"inLanguage":"en-US","potentialAction":[{"@type":"ReadAction","target":["https:\/\/myox.fit\/en\/know-us\/"]}]},{"@type":"BreadcrumbList","@id":"https:\/\/myox.fit\/en\/know-us\/#breadcrumb","itemListElement":[{"@type":"ListItem","position":1,"name":"Portada","item":"https:\/\/myox.fit\/en\/"},{"@type":"ListItem","position":2,"name":"Know us"}]},{"@type":"WebSite","@id":"https:\/\/myox.fit\/en\/#website","url":"https:\/\/myox.fit\/en\/","name":"Myox.fit \u00ae","description":"Entrenamiento Personal y Fisioterapia en la Nuc\u00eda y online con App Myox | Cursos de electroestimulaci\u00f3n muscular | Tienda online: Compex, Chattanooga, Vitobest,...","publisher":{"@id":"https:\/\/myox.fit\/en\/#organization"},"potentialAction":[{"@type":"SearchAction","target":{"@type":"EntryPoint","urlTemplate":"https:\/\/myox.fit\/en\/?s={search_term_string}"},"query-input":{"@type":"PropertyValueSpecification","valueRequired":true,"valueName":"search_term_string"}}],"inLanguage":"en-US"},{"@type":"Organization","@id":"https:\/\/myox.fit\/en\/#organization","name":"Myox","url":"https:\/\/myox.fit\/en\/","logo":{"@type":"ImageObject","inLanguage":"en-US","@id":"https:\/\/myox.fit\/en\/#\/schema\/logo\/image\/","url":"https:\/\/myox.fit\/wp-content\/uploads\/2020\/01\/myox.mediano.png","contentUrl":"https:\/\/myox.fit\/wp-content\/uploads\/2020\/01\/myox.mediano.png","width":351,"height":118,"caption":"Myox"},"image":{"@id":"https:\/\/myox.fit\/en\/#\/schema\/logo\/image\/"},"sameAs":["https:\/\/www.facebook.com\/Myox.fit\/","https:\/\/www.instagram.com\/myox.fit\/","https:\/\/www.linkedin.com\/in\/juanperis\/","https:\/\/www.youtube.com\/MyoxFit"]}]}},"_links":{"self":[{"href":"https:\/\/myox.fit\/en\/wp-json\/wp\/v2\/pages\/16489","targetHints":{"allow":["GET"]}}],"collection":[{"href":"https:\/\/myox.fit\/en\/wp-json\/wp\/v2\/pages"}],"about":[{"href":"https:\/\/myox.fit\/en\/wp-json\/wp\/v2\/types\/page"}],"author":[{"embeddable":true,"href":"https:\/\/myox.fit\/en\/wp-json\/wp\/v2\/users\/10"}],"replies":[{"embeddable":true,"href":"https:\/\/myox.fit\/en\/wp-json\/wp\/v2\/comments?post=16489"}],"version-history":[{"count":0,"href":"https:\/\/myox.fit\/en\/wp-json\/wp\/v2\/pages\/16489\/revisions"}],"wp:attachment":[{"href":"https:\/\/myox.fit\/en\/wp-json\/wp\/v2\/media?parent=16489"}],"curies":[{"name":"wp","href":"https:\/\/api.w.org\/{rel}","templated":true}]}}